{"id":22,"date":"2024-01-17T19:34:41","date_gmt":"2024-01-17T18:34:41","guid":{"rendered":"https:\/\/www.myarmoniecanine.fr\/myarmoniecanine.fr\/?page_id=22"},"modified":"2024-05-23T23:10:58","modified_gmt":"2024-05-23T21:10:58","slug":"partenaires","status":"publish","type":"page","link":"https:\/\/www.myarmoniecanine.fr\/myarmoniecanine.fr\/index.php\/partenaires\/","title":{"rendered":"Partenaires"},"content":{"rendered":"\n<div class=\"wp-block-media-text has-media-on-the-right is-stacked-on-mobile\" style=\"grid-template-columns:auto 18%\"><div class=\"wp-block-media-text__content\">\n<p style=\"font-size:18px\">Une boutique au top pour votre chien !<\/p>\n\n\n\n<p style=\"font-size:18px\">La mastication est un besoin naturel et quotidien chez le chien qui lui offre de nombreux bienfaits, apaisement, hygi\u00e8ne bucco-dentaire etc.<\/p>\n\n\n\n<p style=\"font-size:18px\">Gr\u00e2ce au code <strong>MYARMO<\/strong> b\u00e9n\u00e9ficiez \u00e0 chacune de vos commande de<strong> -10% de r\u00e9duction <\/strong>sur tout le vrac de friandises de mastication pour chien.<\/p>\n<\/div><figure class=\"wp-block-media-text__media\"><a href=\"https:\/\/anizoo.fr\/327--vrac-de-friandises-de-mastication-chien-\"><img loading=\"lazy\" decoding=\"async\" width=\"358\" height=\"357\" src=\"https:\/\/www.myarmoniecanine.fr\/myarmoniecanine.fr\/wp-content\/uploads\/2024\/01\/anizoo.jpg\" alt=\"\" class=\"wp-image-89 size-full\" srcset=\"https:\/\/www.myarmoniecanine.fr\/myarmoniecanine.fr\/wp-content\/uploads\/2024\/01\/anizoo.jpg 358w, https:\/\/www.myarmoniecanine.fr\/myarmoniecanine.fr\/wp-content\/uploads\/2024\/01\/anizoo-300x300.jpg 300w, https:\/\/www.myarmoniecanine.fr\/myarmoniecanine.fr\/wp-content\/uploads\/2024\/01\/anizoo-150x150.jpg 150w, https:\/\/www.myarmoniecanine.fr\/myarmoniecanine.fr\/wp-content\/uploads\/2024\/01\/anizoo-75x75.jpg 75w\" sizes=\"auto, (max-width: 358px) 100vw, 358px\" \/><\/a><\/figure><\/div>\n\n\n\n<p class=\"has-white-color has-text-color has-link-color wp-elements-7e4ac651328708ea719ac0894fa30934\">.<\/p>\n\n\n\n<p class=\"has-white-color has-text-color has-link-color wp-elements-7e4ac651328708ea719ac0894fa30934\">.<\/p>\n\n\n\n<div class=\"wp-block-media-text is-stacked-on-mobile\" style=\"grid-template-columns:20% auto\"><figure class=\"wp-block-media-text__media\"><a href=\"https:\/\/www.associationanimo31.fr\/\"><img loading=\"lazy\" decoding=\"async\" width=\"313\" height=\"313\" src=\"https:\/\/www.myarmoniecanine.fr\/myarmoniecanine.fr\/wp-content\/uploads\/2024\/05\/Animo31_logo-removebg-preview.png\" alt=\"\" class=\"wp-image-284 size-full\" srcset=\"https:\/\/www.myarmoniecanine.fr\/myarmoniecanine.fr\/wp-content\/uploads\/2024\/05\/Animo31_logo-removebg-preview.png 313w, https:\/\/www.myarmoniecanine.fr\/myarmoniecanine.fr\/wp-content\/uploads\/2024\/05\/Animo31_logo-removebg-preview-300x300.png 300w, https:\/\/www.myarmoniecanine.fr\/myarmoniecanine.fr\/wp-content\/uploads\/2024\/05\/Animo31_logo-removebg-preview-150x150.png 150w, https:\/\/www.myarmoniecanine.fr\/myarmoniecanine.fr\/wp-content\/uploads\/2024\/05\/Animo31_logo-removebg-preview-75x75.png 75w\" sizes=\"auto, (max-width: 313px) 100vw, 313px\" \/><\/a><\/figure><div class=\"wp-block-media-text__content\">\n<p style=\"font-size:18px\">C&rsquo;est une super association de protection animale  qui se bat au quotidien pour r\u00e9cup\u00e9rer des animaux abandonn\u00e9s, maltrait\u00e9 etc. <\/p>\n\n\n\n<p style=\"font-size:18px\">Pour les personnes ayant adopt\u00e9 un chien via cette association j&rsquo;offre <strong>-10% sur le bilan comportemental.<\/strong><\/p>\n\n\n\n<p style=\"font-size:18px\">Pour les chiens en famille d&rsquo;accueil qui ont besoin d&rsquo;un suivi \u00e9ducatif je fais <strong>-15% \u00e0 l&rsquo;association.<\/strong><\/p>\n\n\n\n<p style=\"font-size:18px\">Je donne \u00e9galement des conseils, exercices b\u00e9n\u00e9volement pour les familles d&rsquo;accueil qui rencontre des probl\u00e8mes l\u00e9ger avec le chien. <\/p>\n<\/div><\/div>\n","protected":false},"excerpt":{"rendered":"<p>Une boutique au top pour votre chien ! La mastication est un besoin naturel et quotidien chez le chien qui lui offre de nombreux bienfaits, apaisement, hygi\u00e8ne bucco-dentaire etc. Gr\u00e2ce au code MYARMO b\u00e9n\u00e9ficiez \u00e0 chacune de vos commande de -10% de r\u00e9duction sur tout le vrac de friandises de mastication pour chien. . . C&rsquo;est une super association de protection animale qui se bat au quotidien pour r\u00e9cup\u00e9rer des animaux abandonn\u00e9s, maltrait\u00e9 etc. Pour les personnes ayant adopt\u00e9 un chien via cette association j&rsquo;offre -10% sur le bilan comportemental. Pour les chiens en famille d&rsquo;accueil qui ont besoin d&rsquo;un suivi \u00e9ducatif je fais -15% \u00e0 l&rsquo;association. Je donne \u00e9galement des conseils, exercices b\u00e9n\u00e9volement pour les familles d&rsquo;accueil qui rencontre des probl\u00e8mes l\u00e9ger avec le chien.<\/p>\n","protected":false},"author":1,"featured_media":0,"parent":0,"menu_order":7,"comment_status":"closed","ping_status":"closed","template":"","meta":{"footnotes":""},"class_list":["post-22","page","type-page","status-publish","hentry"],"_links":{"self":[{"href":"https:\/\/www.myarmoniecanine.fr\/myarmoniecanine.fr\/index.php\/wp-json\/wp\/v2\/pages\/22","targetHints":{"allow":["GET"]}}],"collection":[{"href":"https:\/\/www.myarmoniecanine.fr\/myarmoniecanine.fr\/index.php\/wp-json\/wp\/v2\/pages"}],"about":[{"href":"https:\/\/www.myarmoniecanine.fr\/myarmoniecanine.fr\/index.php\/wp-json\/wp\/v2\/types\/page"}],"author":[{"embeddable":true,"href":"https:\/\/www.myarmoniecanine.fr\/myarmoniecanine.fr\/index.php\/wp-json\/wp\/v2\/users\/1"}],"replies":[{"embeddable":true,"href":"https:\/\/www.myarmoniecanine.fr\/myarmoniecanine.fr\/index.php\/wp-json\/wp\/v2\/comments?post=22"}],"version-history":[{"count":17,"href":"https:\/\/www.myarmoniecanine.fr\/myarmoniecanine.fr\/index.php\/wp-json\/wp\/v2\/pages\/22\/revisions"}],"predecessor-version":[{"id":295,"href":"https:\/\/www.myarmoniecanine.fr\/myarmoniecanine.fr\/index.php\/wp-json\/wp\/v2\/pages\/22\/revisions\/295"}],"wp:attachment":[{"href":"https:\/\/www.myarmoniecanine.fr\/myarmoniecanine.fr\/index.php\/wp-json\/wp\/v2\/media?parent=22"}],"curies":[{"name":"wp","href":"https:\/\/api.w.org\/{rel}","templated":true}]}}